{"id":2440,"date":"2024-04-09T15:03:54","date_gmt":"2024-04-09T18:03:54","guid":{"rendered":"https:\/\/tangovacationrentals.com\/?page_id=2440"},"modified":"2024-04-09T15:04:20","modified_gmt":"2024-04-09T18:04:20","slug":"reglas","status":"publish","type":"page","link":"https:\/\/tangovacationrentals.com\/es\/reglas\/","title":{"rendered":"Reglas"},"content":{"rendered":"\n<ol class=\"wp-block-list\">\n<li>Apagar equipos el\u00e9ctricos al retirarse, tales como: aire acondicionado, luces, TV, cocina, etc.<\/li>\n\n\n\n<li>No est\u00e1 permitido fumar dentro del apartamento.<\/li>\n\n\n\n<li>Mantener limpia y ordenada la propiedad durante la estad\u00eda.<\/li>\n\n\n\n<li>Respetar el horario de silencio para no molestar a los vecinos.<\/li>\n\n\n\n<li>No est\u00e1 permitido realizar fiestas o eventos sin la aprobaci\u00f3n previa del anfitri\u00f3n.<\/li>\n\n\n\n<li>Reportar cualquier da\u00f1o o desperfecto en el apartamento de inmediato al anfitri\u00f3n.<\/li>\n\n\n\n<li>Cumplir con el n\u00famero m\u00e1ximo de hu\u00e9spedes permitido seg\u00fan la capacidad del apartamento.<\/li>\n\n\n\n<li>Seguir las normas de seguridad y uso de las instalaciones, como piscinas o gimnasios, si est\u00e1n disponibles.<\/li>\n\n\n\n<li>Respetar el check-in 3PM y check-out 11AM establecidos para facilitar la limpieza y preparaci\u00f3n para el pr\u00f3ximo hu\u00e9sped.<\/li>\n\n\n\n<li>Informar el horario de salida para coordinar entrega de la llave.<\/li>\n\n\n\n<li>Para extender la estad\u00eda, ingrese a nuestra p\u00e1gina www.tangovacationrentals.com<\/li>\n<\/ol>\n\n\n\n<p><\/p>\n","protected":false},"excerpt":{"rendered":"","protected":false},"author":1,"featured_media":0,"parent":0,"menu_order":0,"comment_status":"closed","ping_status":"closed","template":"","meta":{"footnotes":""},"class_list":["post-2440","page","type-page","status-publish","hentry"],"yoast_head":"<!-- This site is optimized with the Yoast SEO plugin v27.2 - https:\/\/yoast.com\/product\/yoast-seo-wordpress\/ -->\n<title>Reglas - Tango Vacation Rentals<\/title>\n<meta name=\"robots\" content=\"index, follow, max-snippet:-1, max-image-preview:large, max-video-preview:-1\" \/>\n<link rel=\"canonical\" href=\"https:\/\/tangovacationrentals.com\/es\/reglas\/\" \/>\n<meta property=\"og:locale\" content=\"es_ES\" \/>\n<meta property=\"og:type\" content=\"article\" \/>\n<meta property=\"og:title\" content=\"Reglas - Tango Vacation Rentals\" \/>\n<meta property=\"og:url\" content=\"https:\/\/tangovacationrentals.com\/es\/reglas\/\" \/>\n<meta property=\"og:site_name\" content=\"Tango Vacation Rentals\" \/>\n<meta property=\"article:modified_time\" content=\"2024-04-09T18:04:20+00:00\" \/>\n<meta name=\"twitter:card\" content=\"summary_large_image\" \/>\n<meta name=\"twitter:label1\" content=\"Tiempo de lectura\" \/>\n\t<meta name=\"twitter:data1\" content=\"1 minuto\" \/>\n<script type=\"application\/ld+json\" class=\"yoast-schema-graph\">{\"@context\":\"https:\/\/schema.org\",\"@graph\":[{\"@type\":\"WebPage\",\"@id\":\"https:\/\/tangovacationrentals.com\/es\/reglas\/\",\"url\":\"https:\/\/tangovacationrentals.com\/es\/reglas\/\",\"name\":\"Reglas - Tango Vacation Rentals\",\"isPartOf\":{\"@id\":\"https:\/\/tangovacationrentals.com\/#website\"},\"datePublished\":\"2024-04-09T18:03:54+00:00\",\"dateModified\":\"2024-04-09T18:04:20+00:00\",\"breadcrumb\":{\"@id\":\"https:\/\/tangovacationrentals.com\/es\/reglas\/#breadcrumb\"},\"inLanguage\":\"es\",\"potentialAction\":[{\"@type\":\"ReadAction\",\"target\":[\"https:\/\/tangovacationrentals.com\/es\/reglas\/\"]}]},{\"@type\":\"BreadcrumbList\",\"@id\":\"https:\/\/tangovacationrentals.com\/es\/reglas\/#breadcrumb\",\"itemListElement\":[{\"@type\":\"ListItem\",\"position\":1,\"name\":\"Home\",\"item\":\"https:\/\/tangovacationrentals.com\/es\/\"},{\"@type\":\"ListItem\",\"position\":2,\"name\":\"Reglas\"}]},{\"@type\":\"WebSite\",\"@id\":\"https:\/\/tangovacationrentals.com\/#website\",\"url\":\"https:\/\/tangovacationrentals.com\/\",\"name\":\"Tango Vacation Rentals\",\"description\":\"Buenos Aires Vacations Rentals\",\"publisher\":{\"@id\":\"https:\/\/tangovacationrentals.com\/#organization\"},\"potentialAction\":[{\"@type\":\"SearchAction\",\"target\":{\"@type\":\"EntryPoint\",\"urlTemplate\":\"https:\/\/tangovacationrentals.com\/?s={search_term_string}\"},\"query-input\":{\"@type\":\"PropertyValueSpecification\",\"valueRequired\":true,\"valueName\":\"search_term_string\"}}],\"inLanguage\":\"es\"},{\"@type\":\"Organization\",\"@id\":\"https:\/\/tangovacationrentals.com\/#organization\",\"name\":\"Tango Vacation Rentals\",\"url\":\"https:\/\/tangovacationrentals.com\/\",\"logo\":{\"@type\":\"ImageObject\",\"inLanguage\":\"es\",\"@id\":\"https:\/\/tangovacationrentals.com\/#\/schema\/logo\/image\/\",\"url\":\"https:\/\/tangovacationrentals.com\/wp-content\/uploads\/2024\/03\/tvr-arg-1-1-e1710306632307.png\",\"contentUrl\":\"https:\/\/tangovacationrentals.com\/wp-content\/uploads\/2024\/03\/tvr-arg-1-1-e1710306632307.png\",\"width\":186,\"height\":50,\"caption\":\"Tango Vacation Rentals\"},\"image\":{\"@id\":\"https:\/\/tangovacationrentals.com\/#\/schema\/logo\/image\/\"}}]}<\/script>\n<!-- \/ Yoast SEO plugin. -->","yoast_head_json":{"title":"Reglas - Tango Vacation Rentals","robots":{"index":"index","follow":"follow","max-snippet":"max-snippet:-1","max-image-preview":"max-image-preview:large","max-video-preview":"max-video-preview:-1"},"canonical":"https:\/\/tangovacationrentals.com\/es\/reglas\/","og_locale":"es_ES","og_type":"article","og_title":"Reglas - Tango Vacation Rentals","og_url":"https:\/\/tangovacationrentals.com\/es\/reglas\/","og_site_name":"Tango Vacation Rentals","article_modified_time":"2024-04-09T18:04:20+00:00","twitter_card":"summary_large_image","twitter_misc":{"Tiempo de lectura":"1 minuto"},"schema":{"@context":"https:\/\/schema.org","@graph":[{"@type":"WebPage","@id":"https:\/\/tangovacationrentals.com\/es\/reglas\/","url":"https:\/\/tangovacationrentals.com\/es\/reglas\/","name":"Reglas - Tango Vacation Rentals","isPartOf":{"@id":"https:\/\/tangovacationrentals.com\/#website"},"datePublished":"2024-04-09T18:03:54+00:00","dateModified":"2024-04-09T18:04:20+00:00","breadcrumb":{"@id":"https:\/\/tangovacationrentals.com\/es\/reglas\/#breadcrumb"},"inLanguage":"es","potentialAction":[{"@type":"ReadAction","target":["https:\/\/tangovacationrentals.com\/es\/reglas\/"]}]},{"@type":"BreadcrumbList","@id":"https:\/\/tangovacationrentals.com\/es\/reglas\/#breadcrumb","itemListElement":[{"@type":"ListItem","position":1,"name":"Home","item":"https:\/\/tangovacationrentals.com\/es\/"},{"@type":"ListItem","position":2,"name":"Reglas"}]},{"@type":"WebSite","@id":"https:\/\/tangovacationrentals.com\/#website","url":"https:\/\/tangovacationrentals.com\/","name":"Tango Vacation Rentals","description":"Buenos Aires Vacations Rentals","publisher":{"@id":"https:\/\/tangovacationrentals.com\/#organization"},"potentialAction":[{"@type":"SearchAction","target":{"@type":"EntryPoint","urlTemplate":"https:\/\/tangovacationrentals.com\/?s={search_term_string}"},"query-input":{"@type":"PropertyValueSpecification","valueRequired":true,"valueName":"search_term_string"}}],"inLanguage":"es"},{"@type":"Organization","@id":"https:\/\/tangovacationrentals.com\/#organization","name":"Tango Vacation Rentals","url":"https:\/\/tangovacationrentals.com\/","logo":{"@type":"ImageObject","inLanguage":"es","@id":"https:\/\/tangovacationrentals.com\/#\/schema\/logo\/image\/","url":"https:\/\/tangovacationrentals.com\/wp-content\/uploads\/2024\/03\/tvr-arg-1-1-e1710306632307.png","contentUrl":"https:\/\/tangovacationrentals.com\/wp-content\/uploads\/2024\/03\/tvr-arg-1-1-e1710306632307.png","width":186,"height":50,"caption":"Tango Vacation Rentals"},"image":{"@id":"https:\/\/tangovacationrentals.com\/#\/schema\/logo\/image\/"}}]}},"_links":{"self":[{"href":"https:\/\/tangovacationrentals.com\/es\/wp-json\/wp\/v2\/pages\/2440","targetHints":{"allow":["GET"]}}],"collection":[{"href":"https:\/\/tangovacationrentals.com\/es\/wp-json\/wp\/v2\/pages"}],"about":[{"href":"https:\/\/tangovacationrentals.com\/es\/wp-json\/wp\/v2\/types\/page"}],"author":[{"embeddable":true,"href":"https:\/\/tangovacationrentals.com\/es\/wp-json\/wp\/v2\/users\/1"}],"replies":[{"embeddable":true,"href":"https:\/\/tangovacationrentals.com\/es\/wp-json\/wp\/v2\/comments?post=2440"}],"version-history":[{"count":3,"href":"https:\/\/tangovacationrentals.com\/es\/wp-json\/wp\/v2\/pages\/2440\/revisions"}],"predecessor-version":[{"id":2445,"href":"https:\/\/tangovacationrentals.com\/es\/wp-json\/wp\/v2\/pages\/2440\/revisions\/2445"}],"wp:attachment":[{"href":"https:\/\/tangovacationrentals.com\/es\/wp-json\/wp\/v2\/media?parent=2440"}],"curies":[{"name":"wp","href":"https:\/\/api.w.org\/{rel}","templated":true}]}}