{"id":2213,"date":"2024-03-25T15:16:53","date_gmt":"2024-03-25T18:16:53","guid":{"rendered":"https:\/\/tangovacationrentals.com\/?page_id=2213"},"modified":"2025-04-18T22:49:05","modified_gmt":"2025-04-19T01:49:05","slug":"preguntas-frecuentes","status":"publish","type":"page","link":"https:\/\/tangovacationrentals.com\/es\/preguntas-frecuentes\/","title":{"rendered":"Preguntas Frecuentes"},"content":{"rendered":"\n<p><strong>1. \u00bfC\u00f3mo puedo reservar un alquiler temporario en el centro de Buenos Aires a trav\u00e9s de Tango Vacation Rentals?<\/strong><\/p>\n\n\n\n<p><br>Puedes reservar un alquiler temporario en el centro de Buenos Aires a trav\u00e9s de <strong>Tango Vacation Rentals<\/strong> visitando el sitio web oficial <strong>www.tangovacationrentals.com<\/strong>. Aqu\u00ed encontrar\u00e1s una amplia selecci\u00f3n de <strong><a href=\"https:\/\/tangovacationrentals.com\/es\/reservar-ahora\/\">Apartamentos Amueblados<\/a><\/strong> disponibles para alquiler y podr\u00e1s realizar tu reserva en l\u00ednea en 1 click.<\/p>\n\n\n\n<p>Ingresa aqu\u00ed a la gu\u00eda: <strong><a href=\"https:\/\/tangovacationrentals.com\/es\/apartamentos-en-buenos-aires\/como-hacer-una-reserva\/\" target=\"_blank\" rel=\"noreferrer noopener\">\u00bfC\u00f3mo hacer una reserva con nosotros en Buenos Aires?<\/a><\/strong><\/p>\n\n\n\n<p><strong>2. \u00bfCu\u00e1les son los requisitos para reservar un alquiler temporario en Tango Vacation Rentals?<\/strong><\/p>\n\n\n\n<p><br>Los requisitos pueden variar seg\u00fan la propiedad y las pol\u00edticas de Tango Vacation Rentals. Por lo general, se te pedir\u00e1 proporcionar informaci\u00f3n personal, como tu nombre, direcci\u00f3n de correo electr\u00f3nico y n\u00famero de tel\u00e9fono, as\u00ed como tambi\u00e9n realizar un pago online para confirmar tu reserva.<\/p>\n\n\n\n<p><strong>3. \u00bfQu\u00e9 servicios y comodidades se incluyen en los alquileres temporarios de Tango Vacation Rentals en el centro de Buenos Aires?<\/strong><\/p>\n\n\n\n<p><br>Los servicios y comodidades pueden variar seg\u00fan la propiedad que elijas. Algunas de las caracter\u00edsticas comunes de los <strong><a href=\"https:\/\/tangovacationrentals.com\/es\/reservar-ahora\/\">alquileres temporarios en el centro de Buenos Aires<\/a><\/strong> incluyen: aire acondicionado, cocina equipada, acceso a internet, smart TV, ropa de cama y toallas.<\/p>\n\n\n\n<p><strong>4. \u00bfCu\u00e1l es la pol\u00edtica de cancelaci\u00f3n de Tango Vacation Rentals?<\/strong><\/p>\n\n\n\n<p><br>La pol\u00edtica de cancelaci\u00f3n puede variar seg\u00fan la propiedad y las condiciones de reserva. Es importante revisar los <a href=\"https:\/\/tangovacationrentals.com\/es\/terminos-y-condiciones\/\" target=\"_blank\" rel=\"noreferrer noopener\">T\u00e9rrminos y Condiciones<\/a> de cancelaci\u00f3n al realizar tu reserva. Si tienes alguna pregunta espec\u00edfica sobre la <strong>pol\u00edtica de cancelaci\u00f3n<\/strong>, te recomendar\u00eda comunicarte directamente con Tango Vacation Rentals para obtener m\u00e1s informaci\u00f3n.<\/p>\n\n\n\n<p><strong>5. \u00bfQu\u00e9 debo hacer si tengo alg\u00fan problema o pregunta durante mi estad\u00eda en un alquiler temporario de Tango Vacation Rentals?<\/strong><\/p>\n\n\n\n<p><br>Si tienes alg\u00fan problema o pregunta durante tu estad\u00eda, te recomendar\u00eda <a href=\"https:\/\/tangovacationrentals.com\/es\/contacto\/\">comunicarte<\/a> directamente con <strong>Tango Vacation Rentals<\/strong>. Ellos estar\u00e1n disponibles para brindarte asistencia y resolver cualquier problema que puedas tener.<\/p>\n\n\n\n<p><strong>6. \u00bfD\u00f3nde puede ver la ubicaci\u00f3n de cada apartamento en Buenos Aires?<\/strong><\/p>\n\n\n\n<p>Al ingresar a los detalles de cada apartamento de <strong><a href=\"https:\/\/tangovacationrentals.com\/es\/reservar-ahora\/\">alquiler temporario en Buenos Aires<\/a><\/strong> se podr\u00e1 ver su <strong>direcci\u00f3n<\/strong> publicada y su <strong>ubicaci\u00f3n en el mapa<\/strong>.<\/p>\n\n\n\n<p><\/p>\n\n\n\n<h2 class=\"wp-block-heading\">\u00bfSos due\u00f1o en Buenos Aires? Gestionamos tu propiedad en CABA<\/h2>\n\n\n\n<p>Publicamos tu propiedad en nuestra plataforma con alcance internacional y empez\u00e1 a ganar m\u00e1s. En <strong>Tango Vacation Rentals<\/strong> nos encargamos de todo: check-in y check-out de hu\u00e9spedes, limpieza profesional, mantenimiento, atenci\u00f3n 24\/7 y gesti\u00f3n en plataformas como Airbnb y\/o Booking.<br>Vos solo cobr\u00e1s. Nosotros hacemos el resto.<\/p>\n\n\n\n<p><strong>\u00bfQuer\u00e9s saber c\u00f3mo empezar? <a href=\"https:\/\/tangovacationrentals.com\/es\/administracion-alquiler-temporario-buenos-aires\/\">Contactanos<\/a> y te contamos todo.<\/strong><\/p>\n\n\n\n<div class=\"wp-block-buttons is-layout-flex wp-block-buttons-is-layout-flex\">\n<div class=\"wp-block-button is-style-fill\"><a class=\"wp-block-button__link has-background has-small-font-size has-custom-font-size wp-element-button\" href=\"https:\/\/tangovacationrentals.com\/es\/administracion-alquiler-temporario-buenos-aires\/\" style=\"border-radius:7px;background:linear-gradient(135deg,rgb(238,40,83) 2%,rgb(238,40,83) 100%)\">Quiero alquilar mi propiedad<\/a><\/div>\n<\/div>\n","protected":false},"excerpt":{"rendered":"<p>1. \u00bfC\u00f3mo puedo reservar un alquiler temporario en el centro de Buenos Aires a trav\u00e9s de Tango Vacation Rentals? Puedes reservar un alquiler temporario en el centro de Buenos Aires a trav\u00e9s de Tango Vacation Rentals visitando el sitio web oficial www.tangovacationrentals.com. Aqu\u00ed encontrar\u00e1s una amplia selecci\u00f3n de Apartamentos Amueblados disponibles para alquiler y podr\u00e1s [&hellip;]<\/p>\n","protected":false},"author":1,"featured_media":0,"parent":0,"menu_order":0,"comment_status":"closed","ping_status":"closed","template":"","meta":{"footnotes":""},"class_list":["post-2213","page","type-page","status-publish","hentry"],"yoast_head":"<!-- This site is optimized with the Yoast SEO plugin v27.2 - https:\/\/yoast.com\/product\/yoast-seo-wordpress\/ -->\n<title>Preguntas Frecuentes - Tango Vacation Rentals<\/title>\n<meta name=\"description\" content=\"\u00bfC\u00f3mo puedo reservar un alquiler temporario en el centro de Buenos Aires a trav\u00e9s de Tango Vacation Rentals?\" \/>\n<meta name=\"robots\" content=\"index, follow, max-snippet:-1, max-image-preview:large, max-video-preview:-1\" \/>\n<link rel=\"canonical\" href=\"https:\/\/tangovacationrentals.com\/es\/preguntas-frecuentes\/\" \/>\n<meta property=\"og:locale\" content=\"es_ES\" \/>\n<meta property=\"og:type\" content=\"article\" \/>\n<meta property=\"og:title\" content=\"Preguntas Frecuentes\" \/>\n<meta property=\"og:description\" content=\"Tango Vacation Rentals\" \/>\n<meta property=\"og:url\" content=\"https:\/\/tangovacationrentals.com\/es\/preguntas-frecuentes\/\" \/>\n<meta property=\"og:site_name\" content=\"Tango Vacation Rentals\" \/>\n<meta property=\"article:modified_time\" content=\"2025-04-19T01:49:05+00:00\" \/>\n<meta property=\"og:image\" content=\"https:\/\/tangovacationrentals.com\/wp-content\/uploads\/2024\/02\/ba1.jpg\" \/>\n\t<meta property=\"og:image:width\" content=\"768\" \/>\n\t<meta property=\"og:image:height\" content=\"513\" \/>\n\t<meta property=\"og:image:type\" content=\"image\/jpeg\" \/>\n<meta name=\"twitter:card\" content=\"summary_large_image\" \/>\n<meta name=\"twitter:label1\" content=\"Tiempo de lectura\" \/>\n\t<meta name=\"twitter:data1\" content=\"2 minutos\" \/>\n<script type=\"application\/ld+json\" class=\"yoast-schema-graph\">{\"@context\":\"https:\/\/schema.org\",\"@graph\":[{\"@type\":\"WebPage\",\"@id\":\"https:\/\/tangovacationrentals.com\/es\/preguntas-frecuentes\/\",\"url\":\"https:\/\/tangovacationrentals.com\/es\/preguntas-frecuentes\/\",\"name\":\"Preguntas Frecuentes - Tango Vacation Rentals\",\"isPartOf\":{\"@id\":\"https:\/\/tangovacationrentals.com\/#website\"},\"datePublished\":\"2024-03-25T18:16:53+00:00\",\"dateModified\":\"2025-04-19T01:49:05+00:00\",\"description\":\"\u00bfC\u00f3mo puedo reservar un alquiler temporario en el centro de Buenos Aires a trav\u00e9s de Tango Vacation Rentals?\",\"breadcrumb\":{\"@id\":\"https:\/\/tangovacationrentals.com\/es\/preguntas-frecuentes\/#breadcrumb\"},\"inLanguage\":\"es\",\"potentialAction\":[{\"@type\":\"ReadAction\",\"target\":[\"https:\/\/tangovacationrentals.com\/es\/preguntas-frecuentes\/\"]}]},{\"@type\":\"BreadcrumbList\",\"@id\":\"https:\/\/tangovacationrentals.com\/es\/preguntas-frecuentes\/#breadcrumb\",\"itemListElement\":[{\"@type\":\"ListItem\",\"position\":1,\"name\":\"Home\",\"item\":\"https:\/\/tangovacationrentals.com\/es\/\"},{\"@type\":\"ListItem\",\"position\":2,\"name\":\"Preguntas Frecuentes\"}]},{\"@type\":\"WebSite\",\"@id\":\"https:\/\/tangovacationrentals.com\/#website\",\"url\":\"https:\/\/tangovacationrentals.com\/\",\"name\":\"Tango Vacation Rentals\",\"description\":\"Buenos Aires Vacations Rentals\",\"publisher\":{\"@id\":\"https:\/\/tangovacationrentals.com\/#organization\"},\"potentialAction\":[{\"@type\":\"SearchAction\",\"target\":{\"@type\":\"EntryPoint\",\"urlTemplate\":\"https:\/\/tangovacationrentals.com\/?s={search_term_string}\"},\"query-input\":{\"@type\":\"PropertyValueSpecification\",\"valueRequired\":true,\"valueName\":\"search_term_string\"}}],\"inLanguage\":\"es\"},{\"@type\":\"Organization\",\"@id\":\"https:\/\/tangovacationrentals.com\/#organization\",\"name\":\"Tango Vacation Rentals\",\"url\":\"https:\/\/tangovacationrentals.com\/\",\"logo\":{\"@type\":\"ImageObject\",\"inLanguage\":\"es\",\"@id\":\"https:\/\/tangovacationrentals.com\/#\/schema\/logo\/image\/\",\"url\":\"https:\/\/tangovacationrentals.com\/wp-content\/uploads\/2024\/03\/tvr-arg-1-1-e1710306632307.png\",\"contentUrl\":\"https:\/\/tangovacationrentals.com\/wp-content\/uploads\/2024\/03\/tvr-arg-1-1-e1710306632307.png\",\"width\":186,\"height\":50,\"caption\":\"Tango Vacation Rentals\"},\"image\":{\"@id\":\"https:\/\/tangovacationrentals.com\/#\/schema\/logo\/image\/\"}}]}<\/script>\n<!-- \/ Yoast SEO plugin. -->","yoast_head_json":{"title":"Preguntas Frecuentes - Tango Vacation Rentals","description":"\u00bfC\u00f3mo puedo reservar un alquiler temporario en el centro de Buenos Aires a trav\u00e9s de Tango Vacation Rentals?","robots":{"index":"index","follow":"follow","max-snippet":"max-snippet:-1","max-image-preview":"max-image-preview:large","max-video-preview":"max-video-preview:-1"},"canonical":"https:\/\/tangovacationrentals.com\/es\/preguntas-frecuentes\/","og_locale":"es_ES","og_type":"article","og_title":"Preguntas Frecuentes","og_description":"Tango Vacation Rentals","og_url":"https:\/\/tangovacationrentals.com\/es\/preguntas-frecuentes\/","og_site_name":"Tango Vacation Rentals","article_modified_time":"2025-04-19T01:49:05+00:00","og_image":[{"width":768,"height":513,"url":"https:\/\/tangovacationrentals.com\/wp-content\/uploads\/2024\/02\/ba1.jpg","type":"image\/jpeg"}],"twitter_card":"summary_large_image","twitter_misc":{"Tiempo de lectura":"2 minutos"},"schema":{"@context":"https:\/\/schema.org","@graph":[{"@type":"WebPage","@id":"https:\/\/tangovacationrentals.com\/es\/preguntas-frecuentes\/","url":"https:\/\/tangovacationrentals.com\/es\/preguntas-frecuentes\/","name":"Preguntas Frecuentes - Tango Vacation Rentals","isPartOf":{"@id":"https:\/\/tangovacationrentals.com\/#website"},"datePublished":"2024-03-25T18:16:53+00:00","dateModified":"2025-04-19T01:49:05+00:00","description":"\u00bfC\u00f3mo puedo reservar un alquiler temporario en el centro de Buenos Aires a trav\u00e9s de Tango Vacation Rentals?","breadcrumb":{"@id":"https:\/\/tangovacationrentals.com\/es\/preguntas-frecuentes\/#breadcrumb"},"inLanguage":"es","potentialAction":[{"@type":"ReadAction","target":["https:\/\/tangovacationrentals.com\/es\/preguntas-frecuentes\/"]}]},{"@type":"BreadcrumbList","@id":"https:\/\/tangovacationrentals.com\/es\/preguntas-frecuentes\/#breadcrumb","itemListElement":[{"@type":"ListItem","position":1,"name":"Home","item":"https:\/\/tangovacationrentals.com\/es\/"},{"@type":"ListItem","position":2,"name":"Preguntas Frecuentes"}]},{"@type":"WebSite","@id":"https:\/\/tangovacationrentals.com\/#website","url":"https:\/\/tangovacationrentals.com\/","name":"Tango Vacation Rentals","description":"Buenos Aires Vacations Rentals","publisher":{"@id":"https:\/\/tangovacationrentals.com\/#organization"},"potentialAction":[{"@type":"SearchAction","target":{"@type":"EntryPoint","urlTemplate":"https:\/\/tangovacationrentals.com\/?s={search_term_string}"},"query-input":{"@type":"PropertyValueSpecification","valueRequired":true,"valueName":"search_term_string"}}],"inLanguage":"es"},{"@type":"Organization","@id":"https:\/\/tangovacationrentals.com\/#organization","name":"Tango Vacation Rentals","url":"https:\/\/tangovacationrentals.com\/","logo":{"@type":"ImageObject","inLanguage":"es","@id":"https:\/\/tangovacationrentals.com\/#\/schema\/logo\/image\/","url":"https:\/\/tangovacationrentals.com\/wp-content\/uploads\/2024\/03\/tvr-arg-1-1-e1710306632307.png","contentUrl":"https:\/\/tangovacationrentals.com\/wp-content\/uploads\/2024\/03\/tvr-arg-1-1-e1710306632307.png","width":186,"height":50,"caption":"Tango Vacation Rentals"},"image":{"@id":"https:\/\/tangovacationrentals.com\/#\/schema\/logo\/image\/"}}]}},"_links":{"self":[{"href":"https:\/\/tangovacationrentals.com\/es\/wp-json\/wp\/v2\/pages\/2213","targetHints":{"allow":["GET"]}}],"collection":[{"href":"https:\/\/tangovacationrentals.com\/es\/wp-json\/wp\/v2\/pages"}],"about":[{"href":"https:\/\/tangovacationrentals.com\/es\/wp-json\/wp\/v2\/types\/page"}],"author":[{"embeddable":true,"href":"https:\/\/tangovacationrentals.com\/es\/wp-json\/wp\/v2\/users\/1"}],"replies":[{"embeddable":true,"href":"https:\/\/tangovacationrentals.com\/es\/wp-json\/wp\/v2\/comments?post=2213"}],"version-history":[{"count":12,"href":"https:\/\/tangovacationrentals.com\/es\/wp-json\/wp\/v2\/pages\/2213\/revisions"}],"predecessor-version":[{"id":3406,"href":"https:\/\/tangovacationrentals.com\/es\/wp-json\/wp\/v2\/pages\/2213\/revisions\/3406"}],"wp:attachment":[{"href":"https:\/\/tangovacationrentals.com\/es\/wp-json\/wp\/v2\/media?parent=2213"}],"curies":[{"name":"wp","href":"https:\/\/api.w.org\/{rel}","templated":true}]}}