{"id":1348,"date":"2018-06-12T07:18:52","date_gmt":"2018-06-12T10:18:52","guid":{"rendered":"https:\/\/tangovacationrentals.com\/contacts\/"},"modified":"2025-04-18T22:23:49","modified_gmt":"2025-04-19T01:23:49","slug":"contacto","status":"publish","type":"page","link":"https:\/\/tangovacationrentals.com\/es\/contacto\/","title":{"rendered":"Contacto"},"content":{"rendered":"\t\t<div data-elementor-type=\"wp-page\" data-elementor-id=\"1348\" class=\"elementor elementor-1348 elementor-231\">\n\t\t\t\t<div class=\"elementor-element elementor-element-2aaabfa e-flex e-con-boxed e-con e-parent\" data-id=\"2aaabfa\" data-element_type=\"container\" data-e-type=\"container\">\n\t\t\t\t\t<div class=\"e-con-inner\">\n\t\t<div class=\"elementor-element elementor-element-9dcd22b e-con-full e-flex e-con e-child\" data-id=\"9dcd22b\" data-element_type=\"container\" data-e-type=\"container\">\n\t\t<div class=\"elementor-element elementor-element-9731eb7 e-con-full e-flex e-con e-child\" data-id=\"9731eb7\" data-element_type=\"container\" data-e-type=\"container\">\n\t\t\t\t<div class=\"elementor-element elementor-element-845dc1c elementor-widget elementor-widget-heading\" data-id=\"845dc1c\" data-element_type=\"widget\" data-e-type=\"widget\" data-widget_type=\"heading.default\">\n\t\t\t\t<div class=\"elementor-widget-container\">\n\t\t\t\t\t<h2 class=\"elementor-heading-title elementor-size-default\">\u00bfSos due\u00f1o en Buenos Aires? Gestionamos tu propiedad en CABA<\/h2>\t\t\t\t<\/div>\n\t\t\t\t<\/div>\n\t\t\t\t<div class=\"elementor-element elementor-element-365a3f5 elementor-widget elementor-widget-text-editor\" data-id=\"365a3f5\" data-element_type=\"widget\" data-e-type=\"widget\" data-widget_type=\"text-editor.default\">\n\t\t\t\t<div class=\"elementor-widget-container\">\n\t\t\t\t\t\t\t\t\t<p class=\"\" data-start=\"341\" data-end=\"665\">Publicamos tu propiedad en nuestra plataforma con alcance internacional y empez\u00e1 a ganar m\u00e1s. En <strong data-start=\"435\" data-end=\"461\">Tango Vacation Rentals<\/strong> nos encargamos de todo: check-in y check-out de hu\u00e9spedes, limpieza profesional, mantenimiento, atenci\u00f3n 24\/7 y gesti\u00f3n en plataformas como Airbnb y\/o Booking.<br data-start=\"619\" data-end=\"622\" \/>Vos solo cobr\u00e1s. Nosotros hacemos el resto.<\/p><p class=\"\" data-start=\"667\" data-end=\"730\"><strong data-start=\"667\" data-end=\"730\">\u00bfQuer\u00e9s saber c\u00f3mo empezar?\u00a0<\/strong><a href=\"https:\/\/tangovacationrentals.com\/administracion-alquiler-temporario-buenos-aires\/\" target=\"_blank\" rel=\"noopener\">Contactanos<\/a><strong data-start=\"667\" data-end=\"730\"> y te contamos todo.<\/strong><\/p>\t\t\t\t\t\t\t\t<\/div>\n\t\t\t\t<\/div>\n\t\t\t\t<div class=\"elementor-element elementor-element-5dca1ee elementor-align-center elementor-widget elementor-widget-button\" data-id=\"5dca1ee\" data-element_type=\"widget\" data-e-type=\"widget\" data-widget_type=\"button.default\">\n\t\t\t\t<div class=\"elementor-widget-container\">\n\t\t\t\t\t\t\t\t\t<div class=\"elementor-button-wrapper\">\n\t\t\t\t\t<a class=\"elementor-button elementor-button-link elementor-size-sm\" href=\"https:\/\/tangovacationrentals.com\/es\/administracion-alquiler-temporario-buenos-aires\/\" target=\"_blank\">\n\t\t\t\t\t\t<span class=\"elementor-button-content-wrapper\">\n\t\t\t\t\t\t\t\t\t<span class=\"elementor-button-text\">Quiero alquilar mi propiedad<\/span>\n\t\t\t\t\t<\/span>\n\t\t\t\t\t<\/a>\n\t\t\t\t<\/div>\n\t\t\t\t\t\t\t\t<\/div>\n\t\t\t\t<\/div>\n\t\t\t\t<\/div>\n\t\t\t\t<\/div>\n\t\t\t\t\t<\/div>\n\t\t\t\t<\/div>\n\t\t\t\t<section class=\"elementor-section elementor-top-section elementor-element elementor-element-53ce4b1a elementor-section-boxed elementor-section-height-default elementor-section-height-default\" data-id=\"53ce4b1a\" data-element_type=\"section\" data-e-type=\"section\">\n\t\t\t\t\t\t<div class=\"elementor-container elementor-column-gap-wider\">\n\t\t\t\t\t<div class=\"elementor-column elementor-col-50 elementor-top-column elementor-element elementor-element-2b561988\" data-id=\"2b561988\" data-element_type=\"column\" data-e-type=\"column\">\n\t\t\t<div class=\"elementor-widget-wrap elementor-element-populated\">\n\t\t\t\t\t\t<div class=\"elementor-element elementor-element-53e98d83 elementor-widget elementor-widget-heading\" data-id=\"53e98d83\" data-element_type=\"widget\" data-e-type=\"widget\" data-widget_type=\"heading.default\">\n\t\t\t\t<div class=\"elementor-widget-container\">\n\t\t\t\t\t<h2 class=\"elementor-heading-title elementor-size-default\">Tango Vacaction Rentals<\/h2>\t\t\t\t<\/div>\n\t\t\t\t<\/div>\n\t\t\t\t<div class=\"elementor-element elementor-element-33012670 elementor-widget elementor-widget-image\" data-id=\"33012670\" data-element_type=\"widget\" data-e-type=\"widget\" data-widget_type=\"image.default\">\n\t\t\t\t<div class=\"elementor-widget-container\">\n\t\t\t\t\t\t\t\t\t\t\t\t\t\t\t<img fetchpriority=\"high\" decoding=\"async\" width=\"768\" height=\"464\" src=\"https:\/\/tangovacationrentals.com\/wp-content\/uploads\/2024\/01\/tango-apartamentos-5d-3.jpg\" class=\"attachment-large size-large wp-image-1113\" alt=\"Vacation Rentals and Apartments in Buenos Aires Argentina\" srcset=\"https:\/\/tangovacationrentals.com\/wp-content\/uploads\/2024\/01\/tango-apartamentos-5d-3.jpg 768w, https:\/\/tangovacationrentals.com\/wp-content\/uploads\/2024\/01\/tango-apartamentos-5d-3-300x181.jpg 300w, https:\/\/tangovacationrentals.com\/wp-content\/uploads\/2024\/01\/tango-apartamentos-5d-3-146x88.jpg 146w, https:\/\/tangovacationrentals.com\/wp-content\/uploads\/2024\/01\/tango-apartamentos-5d-3-405x245.jpg 405w\" sizes=\"(max-width: 768px) 100vw, 768px\" \/>\t\t\t\t\t\t\t\t\t\t\t\t\t\t\t<\/div>\n\t\t\t\t<\/div>\n\t\t\t\t<div class=\"elementor-element elementor-element-6f32d74e elementor-widget elementor-widget-text-editor\" data-id=\"6f32d74e\" data-element_type=\"widget\" data-e-type=\"widget\" data-widget_type=\"text-editor.default\">\n\t\t\t\t<div class=\"elementor-widget-container\">\n\t\t\t\t\t\t\t\t\t<p>Descubra los alquileres y apartamentos vacacionales perfectos en Buenos Aires. Sum\u00e9rgete en la vibrante cultura y explora esta encantadora ciudad. \u00a1Reserva la escapada de tus sue\u00f1os hoy!<\/p>\t\t\t\t\t\t\t\t<\/div>\n\t\t\t\t<\/div>\n\t\t\t\t<div class=\"elementor-element elementor-element-6b8e73c4 elementor-icon-list--layout-traditional elementor-list-item-link-full_width elementor-widget elementor-widget-icon-list\" data-id=\"6b8e73c4\" data-element_type=\"widget\" data-e-type=\"widget\" data-widget_type=\"icon-list.default\">\n\t\t\t\t<div class=\"elementor-widget-container\">\n\t\t\t\t\t\t\t<ul class=\"elementor-icon-list-items\">\n\t\t\t\t\t\t\t<li class=\"elementor-icon-list-item\">\n\t\t\t\t\t\t\t\t\t\t\t<span class=\"elementor-icon-list-icon\">\n\t\t\t\t\t\t\t<svg aria-hidden=\"true\" class=\"e-font-icon-svg e-fas-map-marker-alt\" viewBox=\"0 0 384 512\" xmlns=\"http:\/\/www.w3.org\/2000\/svg\"><path d=\"M172.268 501.67C26.97 291.031 0 269.413 0 192 0 85.961 85.961 0 192 0s192 85.961 192 192c0 77.413-26.97 99.031-172.268 309.67-9.535 13.774-29.93 13.773-39.464 0zM192 272c44.183 0 80-35.817 80-80s-35.817-80-80-80-80 35.817-80 80 35.817 80 80 80z\"><\/path><\/svg>\t\t\t\t\t\t<\/span>\n\t\t\t\t\t\t\t\t\t\t<span class=\"elementor-icon-list-text\">Per\u00f3n 1618, C1037ACF, Buenos Aires, Argentina <\/span>\n\t\t\t\t\t\t\t\t\t<\/li>\n\t\t\t\t\t\t\t\t<li class=\"elementor-icon-list-item\">\n\t\t\t\t\t\t\t\t\t\t\t<a href=\"tel:+5491133107616\u200b\" target=\"_blank\">\n\n\t\t\t\t\t\t\t\t\t\t\t\t<span class=\"elementor-icon-list-icon\">\n\t\t\t\t\t\t\t<svg aria-hidden=\"true\" class=\"e-font-icon-svg e-fas-phone\" viewBox=\"0 0 512 512\" xmlns=\"http:\/\/www.w3.org\/2000\/svg\"><path d=\"M493.4 24.6l-104-24c-11.3-2.6-22.9 3.3-27.5 13.9l-48 112c-4.2 9.8-1.4 21.3 6.9 28l60.6 49.6c-36 76.7-98.9 140.5-177.2 177.2l-49.6-60.6c-6.8-8.3-18.2-11.1-28-6.9l-112 48C3.9 366.5-2 378.1.6 389.4l24 104C27.1 504.2 36.7 512 48 512c256.1 0 464-207.5 464-464 0-11.2-7.7-20.9-18.6-23.4z\"><\/path><\/svg>\t\t\t\t\t\t<\/span>\n\t\t\t\t\t\t\t\t\t\t<span class=\"elementor-icon-list-text\">+54 9 11 3310-7616<\/span>\n\t\t\t\t\t\t\t\t\t\t\t<\/a>\n\t\t\t\t\t\t\t\t\t<\/li>\n\t\t\t\t\t\t\t\t<li class=\"elementor-icon-list-item\">\n\t\t\t\t\t\t\t\t\t\t\t<span class=\"elementor-icon-list-icon\">\n\t\t\t\t\t\t\t<svg aria-hidden=\"true\" class=\"e-font-icon-svg e-fas-paper-plane\" viewBox=\"0 0 512 512\" xmlns=\"http:\/\/www.w3.org\/2000\/svg\"><path d=\"M476 3.2L12.5 270.6c-18.1 10.4-15.8 35.6 2.2 43.2L121 358.4l287.3-253.2c5.5-4.9 13.3 2.6 8.6 8.3L176 407v80.5c0 23.6 28.5 32.9 42.5 15.8L282 426l124.6 52.2c14.2 6 30.4-2.9 33-18.2l72-432C515 7.8 493.3-6.8 476 3.2z\"><\/path><\/svg>\t\t\t\t\t\t<\/span>\n\t\t\t\t\t\t\t\t\t\t<span class=\"elementor-icon-list-text\">info @ tangovacationrentals.com<\/span>\n\t\t\t\t\t\t\t\t\t<\/li>\n\t\t\t\t\t\t<\/ul>\n\t\t\t\t\t\t<\/div>\n\t\t\t\t<\/div>\n\t\t\t\t\t<\/div>\n\t\t<\/div>\n\t\t\t\t<div class=\"elementor-column elementor-col-50 elementor-top-column elementor-element elementor-element-8e4b0a6\" data-id=\"8e4b0a6\" data-element_type=\"column\" data-e-type=\"column\">\n\t\t\t<div class=\"elementor-widget-wrap elementor-element-populated\">\n\t\t\t\t\t\t<div class=\"elementor-element elementor-element-4777eeb0 elementor-widget elementor-widget-heading\" data-id=\"4777eeb0\" data-element_type=\"widget\" data-e-type=\"widget\" data-widget_type=\"heading.default\">\n\t\t\t\t<div class=\"elementor-widget-container\">\n\t\t\t\t\t<h2 class=\"elementor-heading-title elementor-size-default\">Envianos un mensaje<\/h2>\t\t\t\t<\/div>\n\t\t\t\t<\/div>\n\t\t\t\t<div class=\"elementor-element elementor-element-642c121b elementor-widget elementor-widget-shortcode\" data-id=\"642c121b\" data-element_type=\"widget\" data-e-type=\"widget\" data-widget_type=\"shortcode.default\">\n\t\t\t\t<div class=\"elementor-widget-container\">\n\t\t\t\t\t\t\t<div class=\"elementor-shortcode\">\n<div class=\"wpcf7 no-js\" id=\"wpcf7-f1355-o1\" lang=\"es-ES\" dir=\"ltr\" data-wpcf7-id=\"1355\">\n<div class=\"screen-reader-response\"><p role=\"status\" aria-live=\"polite\" aria-atomic=\"true\"><\/p> <ul><\/ul><\/div>\n<form action=\"\/es\/wp-json\/wp\/v2\/pages\/1348#wpcf7-f1355-o1\" method=\"post\" class=\"wpcf7-form init\" aria-label=\"Formulario de contacto\" novalidate=\"novalidate\" data-status=\"init\">\n<fieldset class=\"hidden-fields-container\"><input type=\"hidden\" name=\"_wpcf7\" value=\"1355\" \/><input type=\"hidden\" name=\"_wpcf7_version\" value=\"6.1.5\" \/><input type=\"hidden\" name=\"_wpcf7_locale\" value=\"es_ES\" \/><input type=\"hidden\" name=\"_wpcf7_unit_tag\" value=\"wpcf7-f1355-o1\" \/><input type=\"hidden\" name=\"_wpcf7_container_post\" value=\"0\" \/><input type=\"hidden\" name=\"_wpcf7_posted_data_hash\" value=\"\" \/><input type=\"hidden\" name=\"_wpcf7_recaptcha_response\" value=\"\" \/>\n<\/fieldset>\n<p><label> Nombre completo<br \/>\n<span class=\"wpcf7-form-control-wrap\" data-name=\"your-name\"><input size=\"40\" maxlength=\"400\" class=\"wpcf7-form-control wpcf7-text wpcf7-validates-as-required\" autocomplete=\"name\" aria-required=\"true\" aria-invalid=\"false\" value=\"\" type=\"text\" name=\"your-name\" \/><\/span> <\/label>\n<\/p>\n<p><label> Correo electr\u00f3nico<br \/>\n<span class=\"wpcf7-form-control-wrap\" data-name=\"your-email\"><input size=\"40\" maxlength=\"400\" class=\"wpcf7-form-control wpcf7-email wpcf7-validates-as-required wpcf7-text wpcf7-validates-as-email\" autocomplete=\"email\" aria-required=\"true\" aria-invalid=\"false\" value=\"\" type=\"email\" name=\"your-email\" \/><\/span> <\/label>\n<\/p>\n<p><label> Tel\u00e9fono (con c\u00f3digo de pa\u00eds +)<br \/>\n<span class=\"wpcf7-form-control-wrap\" data-name=\"your-phone\"><input size=\"40\" maxlength=\"400\" class=\"wpcf7-form-control wpcf7-tel wpcf7-validates-as-required wpcf7-text wpcf7-validates-as-tel\" autocomplete=\"phone\" aria-required=\"true\" aria-invalid=\"false\" value=\"\" type=\"tel\" name=\"your-phone\" \/><\/span> <\/label>\n<\/p>\n<p><label> Asunto<br \/>\n<span class=\"wpcf7-form-control-wrap\" data-name=\"your-subject\"><input size=\"40\" maxlength=\"400\" class=\"wpcf7-form-control wpcf7-text wpcf7-validates-as-required\" aria-required=\"true\" aria-invalid=\"false\" value=\"\" type=\"text\" name=\"your-subject\" \/><\/span> <\/label>\n<\/p>\n<p><label> Mensaje<br \/>\n<span class=\"wpcf7-form-control-wrap\" data-name=\"your-message\"><textarea cols=\"40\" rows=\"10\" maxlength=\"2000\" class=\"wpcf7-form-control wpcf7-textarea\" aria-invalid=\"false\" name=\"your-message\"><\/textarea><\/span> <\/label>\n<\/p>\n<p><input class=\"wpcf7-form-control wpcf7-submit has-spinner\" type=\"submit\" value=\"Enviar\" \/>\n<\/p><div class=\"wpcf7-response-output\" aria-hidden=\"true\"><\/div>\n<\/form>\n<\/div>\n<\/div>\n\t\t\t\t\t\t<\/div>\n\t\t\t\t<\/div>\n\t\t\t\t\t<\/div>\n\t\t<\/div>\n\t\t\t\t\t<\/div>\n\t\t<\/section>\n\t\t<div class=\"elementor-element elementor-element-407ad6f e-flex e-con-boxed e-con e-parent\" data-id=\"407ad6f\" data-element_type=\"container\" data-e-type=\"container\">\n\t\t\t\t\t<div class=\"e-con-inner\">\n\t\t\t\t<div class=\"elementor-element elementor-element-1038566 elementor-widget elementor-widget-heading\" data-id=\"1038566\" data-element_type=\"widget\" data-e-type=\"widget\" data-widget_type=\"heading.default\">\n\t\t\t\t<div class=\"elementor-widget-container\">\n\t\t\t\t\t<h2 class=\"elementor-heading-title elementor-size-default\">Ubicaci\u00f3n de Tango Vacation Rentals en Buenos Aires, Argentina<\/h2>\t\t\t\t<\/div>\n\t\t\t\t<\/div>\n\t\t\t\t<div class=\"elementor-element elementor-element-7c721bd elementor-widget elementor-widget-html\" data-id=\"7c721bd\" data-element_type=\"widget\" data-e-type=\"widget\" data-widget_type=\"html.default\">\n\t\t\t\t<div class=\"elementor-widget-container\">\n\t\t\t\t\t<iframe src=\"https:\/\/www.google.com\/maps\/embed?pb=!1m18!1m12!1m3!1d3283.8969197189226!2d-58.389649000000006!3d-34.606767999999995!2m3!1f0!2f0!3f0!3m2!1i1024!2i768!4f13.1!3m3!1m2!1s0x95bccac39ae4c7cf%3A0x8b7dc1233bdf1a4b!2sTte.%20Gral.%20Juan%20Domingo%20Per%C3%B3n%201618%2C%20C1037ACF%20Buenos%20Aires!5e0!3m2!1ses!2sar!4v1709418790884!5m2!1ses!2sar\" width=\"100%\" height=\"450\" style=\"border:0;\" allowfullscreen=\"\" loading=\"lazy\" referrerpolicy=\"no-referrer-when-downgrade\"><\/iframe>\t\t\t\t<\/div>\n\t\t\t\t<\/div>\n\t\t\t\t\t<\/div>\n\t\t\t\t<\/div>\n\t\t\t\t<\/div>\n\t\t","protected":false},"excerpt":{"rendered":"<p>\u00bfSos due\u00f1o en Buenos Aires? Gestionamos tu propiedad en CABA Publicamos tu propiedad en nuestra plataforma con alcance internacional y empez\u00e1 a ganar m\u00e1s. En Tango Vacation Rentals nos encargamos de todo: check-in y check-out de hu\u00e9spedes, limpieza profesional, mantenimiento, atenci\u00f3n 24\/7 y gesti\u00f3n en plataformas como Airbnb y\/o Booking.Vos solo cobr\u00e1s. Nosotros hacemos el [&hellip;]<\/p>\n","protected":false},"author":1,"featured_media":0,"parent":0,"menu_order":0,"comment_status":"closed","ping_status":"closed","template":"template-full-width.php","meta":{"footnotes":""},"class_list":["post-1348","page","type-page","status-publish","hentry"],"yoast_head":"<!-- This site is optimized with the Yoast SEO plugin v27.2 - https:\/\/yoast.com\/product\/yoast-seo-wordpress\/ -->\n<title>Contacto - Tango Vacation Rentals<\/title>\n<meta name=\"description\" content=\"Datos de contacto de Tango Vacation Rentals. Tel\u00e9fonos y ubicaci\u00f3n de los apartamentos en Buenos Aires, Argentina.\" \/>\n<meta name=\"robots\" content=\"index, follow, max-snippet:-1, max-image-preview:large, max-video-preview:-1\" \/>\n<link rel=\"canonical\" href=\"https:\/\/tangovacationrentals.com\/es\/contacto\/\" \/>\n<meta property=\"og:locale\" content=\"es_ES\" \/>\n<meta property=\"og:type\" content=\"article\" \/>\n<meta property=\"og:title\" content=\"Tango Vacation Rentals | Contacto\" \/>\n<meta property=\"og:description\" content=\"\u00bfConsultas? Contacta con nosotros.\" \/>\n<meta property=\"og:url\" content=\"https:\/\/tangovacationrentals.com\/es\/contacto\/\" \/>\n<meta property=\"og:site_name\" content=\"Tango Vacation Rentals\" \/>\n<meta property=\"article:modified_time\" content=\"2025-04-19T01:23:49+00:00\" \/>\n<meta property=\"og:image\" content=\"https:\/\/tangovacationrentals.com\/wp-content\/uploads\/2024\/02\/cropped-pm.jpg\" \/>\n\t<meta property=\"og:image:width\" content=\"512\" \/>\n\t<meta property=\"og:image:height\" content=\"512\" \/>\n\t<meta property=\"og:image:type\" content=\"image\/jpeg\" \/>\n<meta name=\"twitter:card\" content=\"summary_large_image\" \/>\n<meta name=\"twitter:label1\" content=\"Tiempo de lectura\" \/>\n\t<meta name=\"twitter:data1\" content=\"1 minuto\" \/>\n<script type=\"application\/ld+json\" class=\"yoast-schema-graph\">{\"@context\":\"https:\/\/schema.org\",\"@graph\":[{\"@type\":\"WebPage\",\"@id\":\"https:\/\/tangovacationrentals.com\/es\/contacto\/\",\"url\":\"https:\/\/tangovacationrentals.com\/es\/contacto\/\",\"name\":\"Contacto - Tango Vacation Rentals\",\"isPartOf\":{\"@id\":\"https:\/\/tangovacationrentals.com\/#website\"},\"primaryImageOfPage\":{\"@id\":\"https:\/\/tangovacationrentals.com\/es\/contacto\/#primaryimage\"},\"image\":{\"@id\":\"https:\/\/tangovacationrentals.com\/es\/contacto\/#primaryimage\"},\"thumbnailUrl\":\"https:\/\/tangovacationrentals.com\/wp-content\/uploads\/2024\/01\/tango-apartamentos-5d-3.jpg\",\"datePublished\":\"2018-06-12T10:18:52+00:00\",\"dateModified\":\"2025-04-19T01:23:49+00:00\",\"description\":\"Datos de contacto de Tango Vacation Rentals. Tel\u00e9fonos y ubicaci\u00f3n de los apartamentos en Buenos Aires, Argentina.\",\"breadcrumb\":{\"@id\":\"https:\/\/tangovacationrentals.com\/es\/contacto\/#breadcrumb\"},\"inLanguage\":\"es\",\"potentialAction\":[{\"@type\":\"ReadAction\",\"target\":[\"https:\/\/tangovacationrentals.com\/es\/contacto\/\"]}]},{\"@type\":\"ImageObject\",\"inLanguage\":\"es\",\"@id\":\"https:\/\/tangovacationrentals.com\/es\/contacto\/#primaryimage\",\"url\":\"https:\/\/tangovacationrentals.com\/wp-content\/uploads\/2024\/01\/tango-apartamentos-5d-3.jpg\",\"contentUrl\":\"https:\/\/tangovacationrentals.com\/wp-content\/uploads\/2024\/01\/tango-apartamentos-5d-3.jpg\"},{\"@type\":\"BreadcrumbList\",\"@id\":\"https:\/\/tangovacationrentals.com\/es\/contacto\/#breadcrumb\",\"itemListElement\":[{\"@type\":\"ListItem\",\"position\":1,\"name\":\"Home\",\"item\":\"https:\/\/tangovacationrentals.com\/es\/\"},{\"@type\":\"ListItem\",\"position\":2,\"name\":\"Contacto\"}]},{\"@type\":\"WebSite\",\"@id\":\"https:\/\/tangovacationrentals.com\/#website\",\"url\":\"https:\/\/tangovacationrentals.com\/\",\"name\":\"Tango Vacation Rentals\",\"description\":\"Buenos Aires Vacations Rentals\",\"publisher\":{\"@id\":\"https:\/\/tangovacationrentals.com\/#organization\"},\"potentialAction\":[{\"@type\":\"SearchAction\",\"target\":{\"@type\":\"EntryPoint\",\"urlTemplate\":\"https:\/\/tangovacationrentals.com\/?s={search_term_string}\"},\"query-input\":{\"@type\":\"PropertyValueSpecification\",\"valueRequired\":true,\"valueName\":\"search_term_string\"}}],\"inLanguage\":\"es\"},{\"@type\":\"Organization\",\"@id\":\"https:\/\/tangovacationrentals.com\/#organization\",\"name\":\"Tango Vacation Rentals\",\"url\":\"https:\/\/tangovacationrentals.com\/\",\"logo\":{\"@type\":\"ImageObject\",\"inLanguage\":\"es\",\"@id\":\"https:\/\/tangovacationrentals.com\/#\/schema\/logo\/image\/\",\"url\":\"https:\/\/tangovacationrentals.com\/wp-content\/uploads\/2024\/03\/tvr-arg-1-1-e1710306632307.png\",\"contentUrl\":\"https:\/\/tangovacationrentals.com\/wp-content\/uploads\/2024\/03\/tvr-arg-1-1-e1710306632307.png\",\"width\":186,\"height\":50,\"caption\":\"Tango Vacation Rentals\"},\"image\":{\"@id\":\"https:\/\/tangovacationrentals.com\/#\/schema\/logo\/image\/\"}}]}<\/script>\n<!-- \/ Yoast SEO plugin. -->","yoast_head_json":{"title":"Contacto - Tango Vacation Rentals","description":"Datos de contacto de Tango Vacation Rentals. Tel\u00e9fonos y ubicaci\u00f3n de los apartamentos en Buenos Aires, Argentina.","robots":{"index":"index","follow":"follow","max-snippet":"max-snippet:-1","max-image-preview":"max-image-preview:large","max-video-preview":"max-video-preview:-1"},"canonical":"https:\/\/tangovacationrentals.com\/es\/contacto\/","og_locale":"es_ES","og_type":"article","og_title":"Tango Vacation Rentals | Contacto","og_description":"\u00bfConsultas? Contacta con nosotros.","og_url":"https:\/\/tangovacationrentals.com\/es\/contacto\/","og_site_name":"Tango Vacation Rentals","article_modified_time":"2025-04-19T01:23:49+00:00","og_image":[{"width":512,"height":512,"url":"https:\/\/tangovacationrentals.com\/wp-content\/uploads\/2024\/02\/cropped-pm.jpg","type":"image\/jpeg"}],"twitter_card":"summary_large_image","twitter_misc":{"Tiempo de lectura":"1 minuto"},"schema":{"@context":"https:\/\/schema.org","@graph":[{"@type":"WebPage","@id":"https:\/\/tangovacationrentals.com\/es\/contacto\/","url":"https:\/\/tangovacationrentals.com\/es\/contacto\/","name":"Contacto - Tango Vacation Rentals","isPartOf":{"@id":"https:\/\/tangovacationrentals.com\/#website"},"primaryImageOfPage":{"@id":"https:\/\/tangovacationrentals.com\/es\/contacto\/#primaryimage"},"image":{"@id":"https:\/\/tangovacationrentals.com\/es\/contacto\/#primaryimage"},"thumbnailUrl":"https:\/\/tangovacationrentals.com\/wp-content\/uploads\/2024\/01\/tango-apartamentos-5d-3.jpg","datePublished":"2018-06-12T10:18:52+00:00","dateModified":"2025-04-19T01:23:49+00:00","description":"Datos de contacto de Tango Vacation Rentals. Tel\u00e9fonos y ubicaci\u00f3n de los apartamentos en Buenos Aires, Argentina.","breadcrumb":{"@id":"https:\/\/tangovacationrentals.com\/es\/contacto\/#breadcrumb"},"inLanguage":"es","potentialAction":[{"@type":"ReadAction","target":["https:\/\/tangovacationrentals.com\/es\/contacto\/"]}]},{"@type":"ImageObject","inLanguage":"es","@id":"https:\/\/tangovacationrentals.com\/es\/contacto\/#primaryimage","url":"https:\/\/tangovacationrentals.com\/wp-content\/uploads\/2024\/01\/tango-apartamentos-5d-3.jpg","contentUrl":"https:\/\/tangovacationrentals.com\/wp-content\/uploads\/2024\/01\/tango-apartamentos-5d-3.jpg"},{"@type":"BreadcrumbList","@id":"https:\/\/tangovacationrentals.com\/es\/contacto\/#breadcrumb","itemListElement":[{"@type":"ListItem","position":1,"name":"Home","item":"https:\/\/tangovacationrentals.com\/es\/"},{"@type":"ListItem","position":2,"name":"Contacto"}]},{"@type":"WebSite","@id":"https:\/\/tangovacationrentals.com\/#website","url":"https:\/\/tangovacationrentals.com\/","name":"Tango Vacation Rentals","description":"Buenos Aires Vacations Rentals","publisher":{"@id":"https:\/\/tangovacationrentals.com\/#organization"},"potentialAction":[{"@type":"SearchAction","target":{"@type":"EntryPoint","urlTemplate":"https:\/\/tangovacationrentals.com\/?s={search_term_string}"},"query-input":{"@type":"PropertyValueSpecification","valueRequired":true,"valueName":"search_term_string"}}],"inLanguage":"es"},{"@type":"Organization","@id":"https:\/\/tangovacationrentals.com\/#organization","name":"Tango Vacation Rentals","url":"https:\/\/tangovacationrentals.com\/","logo":{"@type":"ImageObject","inLanguage":"es","@id":"https:\/\/tangovacationrentals.com\/#\/schema\/logo\/image\/","url":"https:\/\/tangovacationrentals.com\/wp-content\/uploads\/2024\/03\/tvr-arg-1-1-e1710306632307.png","contentUrl":"https:\/\/tangovacationrentals.com\/wp-content\/uploads\/2024\/03\/tvr-arg-1-1-e1710306632307.png","width":186,"height":50,"caption":"Tango Vacation Rentals"},"image":{"@id":"https:\/\/tangovacationrentals.com\/#\/schema\/logo\/image\/"}}]}},"_links":{"self":[{"href":"https:\/\/tangovacationrentals.com\/es\/wp-json\/wp\/v2\/pages\/1348","targetHints":{"allow":["GET"]}}],"collection":[{"href":"https:\/\/tangovacationrentals.com\/es\/wp-json\/wp\/v2\/pages"}],"about":[{"href":"https:\/\/tangovacationrentals.com\/es\/wp-json\/wp\/v2\/types\/page"}],"author":[{"embeddable":true,"href":"https:\/\/tangovacationrentals.com\/es\/wp-json\/wp\/v2\/users\/1"}],"replies":[{"embeddable":true,"href":"https:\/\/tangovacationrentals.com\/es\/wp-json\/wp\/v2\/comments?post=1348"}],"version-history":[{"count":29,"href":"https:\/\/tangovacationrentals.com\/es\/wp-json\/wp\/v2\/pages\/1348\/revisions"}],"predecessor-version":[{"id":3362,"href":"https:\/\/tangovacationrentals.com\/es\/wp-json\/wp\/v2\/pages\/1348\/revisions\/3362"}],"wp:attachment":[{"href":"https:\/\/tangovacationrentals.com\/es\/wp-json\/wp\/v2\/media?parent=1348"}],"curies":[{"name":"wp","href":"https:\/\/api.w.org\/{rel}","templated":true}]}}