{"id":1203,"date":"2018-06-12T11:47:52","date_gmt":"2018-06-12T14:47:52","guid":{"rendered":"https:\/\/tangovacationrentals.com\/terms-conditions\/"},"modified":"2024-03-08T17:43:37","modified_gmt":"2024-03-08T20:43:37","slug":"terminos-y-condiciones","status":"publish","type":"page","link":"https:\/\/tangovacationrentals.com\/es\/terminos-y-condiciones\/","title":{"rendered":"T\u00e9rminos y Condiciones"},"content":{"rendered":"\n<p>Estos T\u00e9rminos y Condiciones (en adelante, &#8220;T\u00e9rminos&#8221;) establecen los t\u00e9rminos y condiciones para el uso del sitio web www.tangovacationrentals.com (en adelante, el &#8220;Sitio&#8221;) y los servicios de alquileres temporarios por d\u00eda proporcionados por <strong>Tango Vacation Rentals<\/strong> (en adelante, &#8220;Tango Vacation Rentals&#8221; o &#8220;nosotros&#8221;) en Buenos Aires, Argentina. Al acceder y utilizar el Sitio, usted acepta cumplir con estos T\u00e9rminos y todas las leyes y regulaciones aplicables. Si no est\u00e1 de acuerdo con alguno de estos T\u00e9rminos, se le solicita que no utilice el Sitio.<\/p>\n\n\n\n<h4 class=\"wp-block-heading\">1. Reservas y medios de Pagos<\/h4>\n\n\n\n<p>1.1. Al realizar una reserva a trav\u00e9s del Sitio, usted afirma que tiene al menos 18 a\u00f1os de edad y tiene capacidad legal para celebrar contratos.<\/p>\n\n\n\n<p>1.2. Solo podr\u00e1n ingresar al inmueble la persona responsable que realiz\u00f3 el contrato.<\/p>\n\n\n\n<p>1.3. Las tarifas de alquiler se mostrar\u00e1n claramente en el Sitio y pueden variar seg\u00fan la propiedad y la temporada.<\/p>\n\n\n\n<p>1.4. Al hacer una reserva, se le pedir\u00e1 que proporcione informaci\u00f3n personal, incluyendo su nombre, direcci\u00f3n de correo electr\u00f3nico, cantidad de hu\u00e9spedes y los detalles de pago. Usted declara y garantiza que toda la informaci\u00f3n proporcionada es precisa, completa y actualizada.<\/p>\n\n\n\n<p>1.5. El pago por la reserva se realizar\u00e1 seg\u00fan los t\u00e9rminos y condiciones establecidos en el Sitio.<\/p>\n\n\n\n<p>1.6. Para garantizar su reserva, se requiere un dep\u00f3sito del valor total de la estad\u00eda a trav\u00e9s de los m\u00e9todos de pago: Tarjeta de cr\u00e9dito\/d\u00e9bito a trav\u00e9s del medio de pago en l\u00ednea: Mercado Pago de Argentina y Paypal.<\/p>\n\n\n\n<h4 class=\"wp-block-heading\">2. Moneda de Pago<\/h4>\n\n\n\n<p>2.1. Las monedas aceptadas para pagos son pesos argentinos y d\u00f3lares estadounidenses.<\/p>\n\n\n\n<p>2.2. Ofrecemos la opci\u00f3n de pago en d\u00f3lares estadounidenses a trav\u00e9s de PayPal, esta opci\u00f3n est\u00e1 disponible como alternativa para realizar pagos en l\u00ednea utilizando la conversi\u00f3n de divisas.<\/p>\n\n\n\n<p>2.3. El precio publicado es el precio final y no se realizar\u00e1n devoluciones del impuesto al valor agregado (IVA) para extranjeros.<\/p>\n\n\n\n<h4 class=\"wp-block-heading\">3. Pol\u00edtica de Cancelaci\u00f3n y Reembolsos<\/h4>\n\n\n\n<p>3.1. Las pol\u00edticas de cancelaci\u00f3n y reembolso pueden variar seg\u00fan la propiedad y se indicar\u00e1n claramente en la p\u00e1gina de reserva. Lea detenidamente las pol\u00edticas correspondientes antes de realizar una reserva.<\/p>\n\n\n\n<p>3.2. Si usted cancela su reserva realizada en nuestra p\u00e1gina, por favor tome en consideraci\u00f3n nuestras pol\u00edticas:<\/p>\n\n\n\n<ul class=\"wp-block-list\">\n<li>Cancelaciones antes de los 10 d\u00edas: reembolso del 100% del valor de su dep\u00f3sito.<\/li>\n\n\n\n<li>Cancelaciones antes de los 5 d\u00edas: reembolso del 50% del valor de su dep\u00f3sito.<\/li>\n\n\n\n<li>Pasadas dichas instancias no tendr\u00e1n reembolso alguno.<\/li>\n<\/ul>\n\n\n\n<h4 class=\"wp-block-heading\">4. Responsabilidades del Usuario<\/h4>\n\n\n\n<p>4.1. Usted es responsable de mantener la confidencialidad de su cuenta y contrase\u00f1a, y de todas las actividades que ocurran bajo su cuenta.<\/p>\n\n\n\n<p>4.2. Usted se compromete a utilizar el Sitio \u00fanicamente con fines legales y de acuerdo con estos T\u00e9rminos. No utilizar\u00e1 el Sitio para difamar, acosar, amenazar o violar los derechos de terceros.<\/p>\n\n\n\n<p>4.3. Usted acepta ser responsable de cualquier da\u00f1o causado a la propiedad durante su estancia y se compromete a cumplir con las reglas y regulaciones establecidas por el propietario de la propiedad.<\/p>\n\n\n\n<h4 class=\"wp-block-heading\">5. Propiedad Intelectual<\/h4>\n\n\n\n<p>5.1. El contenido del Sitio, incluyendo pero no limitado a textos, gr\u00e1ficos, logotipos, im\u00e1genes, videos, software y c\u00f3digos, es propiedad de Tango Vacation Rentals y est\u00e1 protegido por las leyes de propiedad intelectual aplicables.<\/p>\n\n\n\n<p>5.2. Usted se compromete a no reproducir, distribuir, modificar, transmitir, exhibir, realizar, publicar, licenciar, crear trabajos derivados o vender cualquier informaci\u00f3n o servicios obtenidos del Sitio sin el consentimiento previo por escrito de Tango Vacation Rentals.<\/p>\n\n\n\n<h4 class=\"wp-block-heading\">6. Pol\u00edticas Generales<\/h4>\n\n\n\n<p>6.1. El horario de atenci\u00f3n a los hu\u00e9spedes es de 9AM a 9PM.<\/p>\n\n\n\n<p>6.2. El horario de ingreso y salida es el siguiente: Check-in a las 3 PM &#8211; Check-out a las 11 AM.<\/p>\n\n\n\n<p>6.3. Todos nuestros hu\u00e9spedes deben ser registrados en nuestro sitio.<\/p>\n\n\n\n<p>6.4. En caso de realizar el check-in y check-out fuera de nuestro horario de recepci\u00f3n, se deber\u00e1 abonar un costo adicional de USD10 cada 2 horas de guardia.<\/p>\n\n\n\n<p>6.5. La entrega de llaves se realizar\u00e1 en mano a la persona encargada de dicha tarea.<\/p>\n\n\n\n<p>6.6. No se permite el acceso a las habitaciones a visitantes no registrados en el hostal.<\/p>\n\n\n\n<p>6.7. Si la cantidad de hu\u00e9spedes supera la informada, se le cobrar\u00e1 el arancel diferencial y hasta se podr\u00e1 dar de baja si excede la capacidad del apartamento.<\/p>\n\n\n\n<p>6.8. Si desea prolongar su estad\u00eda, comun\u00edquese con 24 horas de anticipaci\u00f3n a recepci\u00f3n para verificar la disponibilidad.<\/p>\n\n\n\n<p>6.9. Si tiene alg\u00fan objeto de valor (joyas, dinero, notebook, pasaportes, ticket de viaje, etc.), por favor utilice nuestro servicio de casilleros de seguridad.<\/p>\n\n\n\n<p>6.10. Prohibido fumar en las habitaciones y\/o ba\u00f1os, a excepci\u00f3n de las \u00e1reas exteriores.<\/p>\n\n\n\n<p>6.11. Se proh\u00edbe tocar instrumentos musicales, m\u00fasica a alto volumen o fiestas ruidosas.<\/p>\n\n\n\n<p>6.12. Las reservas mayores a 7 d\u00edas tendr\u00e1n servicio de limpieza cada 4 d\u00edas con su costo original de limpieza.<\/p>\n\n\n\n<p>6.13. No se permiten mascotas.<\/p>\n\n\n\n<p>6.14. Cualquier da\u00f1o causado por hu\u00e9spedes a la propiedad ser\u00e1 pagado por el mismo antes de retirarse. El inmueble debe ser entregado en condiciones normales de uso y costumbres.<\/p>\n\n\n\n<p>6.15. La administraci\u00f3n se reserva el derecho de terminar el contrato de hospedaje si se viola alguna de las reglas anteriores.<\/p>\n\n\n\n<h4 class=\"wp-block-heading\">7. Limitaci\u00f3n de Responsabilidad<\/h4>\n\n\n\n<p>7.1. Tango Vacation Rentals no ser\u00e1 responsable por cualquier da\u00f1o directo, indirecto, incidental, especial, consecuente o punitivo que surja del uso o la imposibilidad de uso del Sitio.<\/p>\n\n\n\n<p>7.2. Tango Vacation Rentals no ser\u00e1 responsable de ninguna p\u00e9rdida, da\u00f1o o lesi\u00f3n personal resultante de su estancia en una propiedad reservada a trav\u00e9s del Sitio.<\/p>\n\n\n\n<h4 class=\"wp-block-heading\">8. Early Check-in<\/h4>\n\n\n\n<p>8.1. El horario de Check-in es a partir de las 15:00 horas. Si lo desea, y siempre y cuando el departamento se encuentre desocupado antes de esa hora, se puede adelantar el horario a solicitud expresa del hu\u00e9sped. Las llaves se entregar\u00e1n en el lugar a ingresar a la hora acordada y a la persona responsable.<\/p>\n\n\n\n<h4 class=\"wp-block-heading\">9. Late Check-Out<\/h4>\n\n\n\n<p>9.1. Si opta por esta opci\u00f3n, deber\u00e1 avisar con tiempo para bloquear la habitaci\u00f3n en caso de que no exista una reserva programada. Si abandona la habitaci\u00f3n despu\u00e9s del check-out (11 AM), se cargar\u00e1 un 50% de la tarifa diaria hasta las 4:00 PM, y un 100% posterior a esa hora.<\/p>\n\n\n\n<h4 class=\"wp-block-heading\">10. Modificaciones a los T\u00e9rminos<\/h4>\n\n\n\n<p>10.1. Tango Vacation Rentals se reserva el derecho de modificar estos T\u00e9rminos en cualquier momento. Las modificaciones entrar\u00e1n en vigencia inmediatamente despu\u00e9s de su publicaci\u00f3n en el Sitio.<\/p>\n\n\n\n<p>10.2. Se recomienda revisar peri\u00f3dicamente estos T\u00e9rminos para conocer cualquier cambio. El uso continuado del Sitio despu\u00e9s de la publicaci\u00f3n de modificaciones constituir\u00e1 su aceptaci\u00f3n de dichas modificaciones.<\/p>\n\n\n\n<p>10.3. Estos T\u00e9rminos y Condiciones constituyen el acuerdo completo entre usted y Tango Vacation Rentals con respecto al uso del Sitio y los servicios de alquileres temporarios por d\u00eda. Si alguna disposici\u00f3n de estos T\u00e9rminos se considera inv\u00e1lida o inaplicable, dicha disposici\u00f3n ser\u00e1 eliminada y las disposiciones restantes se aplicar\u00e1n en toda su extensi\u00f3n. El incumplimiento de estos T\u00e9rminos por parte de usted o Tango Vacation Rentals no renunciar\u00e1 a ning\u00fan derecho o recurso legal disponible.<\/p>\n\n\n\n<p><\/p>\n","protected":false},"excerpt":{"rendered":"<p>Estos T\u00e9rminos y Condiciones (en adelante, &#8220;T\u00e9rminos&#8221;) establecen los t\u00e9rminos y condiciones para el uso del sitio web www.tangovacationrentals.com (en adelante, el &#8220;Sitio&#8221;) y los servicios de alquileres temporarios por d\u00eda proporcionados por Tango Vacation Rentals (en adelante, &#8220;Tango Vacation Rentals&#8221; o &#8220;nosotros&#8221;) en Buenos Aires, Argentina. Al acceder y utilizar el Sitio, usted acepta [&hellip;]<\/p>\n","protected":false},"author":1,"featured_media":0,"parent":0,"menu_order":0,"comment_status":"closed","ping_status":"closed","template":"template-boxed.php","meta":{"footnotes":""},"class_list":["post-1203","page","type-page","status-publish","hentry"],"yoast_head":"<!-- This site is optimized with the Yoast SEO plugin v27.2 - https:\/\/yoast.com\/product\/yoast-seo-wordpress\/ -->\n<title>T\u00e9rminos y Condiciones de Tango Vacation Rentals<\/title>\n<meta name=\"description\" content=\"Estos T\u00e9rminos y Condiciones establecen los t\u00e9rminos y condiciones para el uso del sitio web www.tangovacationrentals.com y los servicios de alquileres temporarios por d\u00eda proporcionados por Tango Vacation Rentals en Buenos Aires, Argentina.\" \/>\n<meta name=\"robots\" content=\"index, follow, max-snippet:-1, max-image-preview:large, max-video-preview:-1\" \/>\n<link rel=\"canonical\" href=\"https:\/\/tangovacationrentals.com\/es\/terminos-y-condiciones\/\" \/>\n<meta property=\"og:locale\" content=\"es_ES\" \/>\n<meta property=\"og:type\" content=\"article\" \/>\n<meta property=\"og:title\" content=\"T\u00e9rminos y Condiciones de Tango Vacation Rentals\" \/>\n<meta property=\"og:description\" content=\"Estos T\u00e9rminos y Condiciones establecen los t\u00e9rminos y condiciones para el uso del sitio web www.tangovacationrentals.com y los servicios de alquileres temporarios por d\u00eda proporcionados por Tango Vacation Rentals en Buenos Aires, Argentina.\" \/>\n<meta property=\"og:url\" content=\"https:\/\/tangovacationrentals.com\/es\/terminos-y-condiciones\/\" \/>\n<meta property=\"og:site_name\" content=\"Tango Vacation Rentals\" \/>\n<meta property=\"article:modified_time\" content=\"2024-03-08T20:43:37+00:00\" \/>\n<meta name=\"twitter:card\" content=\"summary_large_image\" \/>\n<meta name=\"twitter:label1\" content=\"Tiempo de lectura\" \/>\n\t<meta name=\"twitter:data1\" content=\"6 minutos\" \/>\n<script type=\"application\/ld+json\" class=\"yoast-schema-graph\">{\"@context\":\"https:\/\/schema.org\",\"@graph\":[{\"@type\":\"WebPage\",\"@id\":\"https:\/\/tangovacationrentals.com\/es\/terminos-y-condiciones\/\",\"url\":\"https:\/\/tangovacationrentals.com\/es\/terminos-y-condiciones\/\",\"name\":\"T\u00e9rminos y Condiciones de Tango Vacation Rentals\",\"isPartOf\":{\"@id\":\"https:\/\/tangovacationrentals.com\/#website\"},\"datePublished\":\"2018-06-12T14:47:52+00:00\",\"dateModified\":\"2024-03-08T20:43:37+00:00\",\"description\":\"Estos T\u00e9rminos y Condiciones establecen los t\u00e9rminos y condiciones para el uso del sitio web www.tangovacationrentals.com y los servicios de alquileres temporarios por d\u00eda proporcionados por Tango Vacation Rentals en Buenos Aires, Argentina.\",\"breadcrumb\":{\"@id\":\"https:\/\/tangovacationrentals.com\/es\/terminos-y-condiciones\/#breadcrumb\"},\"inLanguage\":\"es\",\"potentialAction\":[{\"@type\":\"ReadAction\",\"target\":[\"https:\/\/tangovacationrentals.com\/es\/terminos-y-condiciones\/\"]}]},{\"@type\":\"BreadcrumbList\",\"@id\":\"https:\/\/tangovacationrentals.com\/es\/terminos-y-condiciones\/#breadcrumb\",\"itemListElement\":[{\"@type\":\"ListItem\",\"position\":1,\"name\":\"Home\",\"item\":\"https:\/\/tangovacationrentals.com\/es\/\"},{\"@type\":\"ListItem\",\"position\":2,\"name\":\"T\u00e9rminos y Condiciones\"}]},{\"@type\":\"WebSite\",\"@id\":\"https:\/\/tangovacationrentals.com\/#website\",\"url\":\"https:\/\/tangovacationrentals.com\/\",\"name\":\"Tango Vacation Rentals\",\"description\":\"Buenos Aires Vacations Rentals\",\"publisher\":{\"@id\":\"https:\/\/tangovacationrentals.com\/#organization\"},\"potentialAction\":[{\"@type\":\"SearchAction\",\"target\":{\"@type\":\"EntryPoint\",\"urlTemplate\":\"https:\/\/tangovacationrentals.com\/?s={search_term_string}\"},\"query-input\":{\"@type\":\"PropertyValueSpecification\",\"valueRequired\":true,\"valueName\":\"search_term_string\"}}],\"inLanguage\":\"es\"},{\"@type\":\"Organization\",\"@id\":\"https:\/\/tangovacationrentals.com\/#organization\",\"name\":\"Tango Vacation Rentals\",\"url\":\"https:\/\/tangovacationrentals.com\/\",\"logo\":{\"@type\":\"ImageObject\",\"inLanguage\":\"es\",\"@id\":\"https:\/\/tangovacationrentals.com\/#\/schema\/logo\/image\/\",\"url\":\"https:\/\/tangovacationrentals.com\/wp-content\/uploads\/2024\/03\/tvr-arg-1-1-e1710306632307.png\",\"contentUrl\":\"https:\/\/tangovacationrentals.com\/wp-content\/uploads\/2024\/03\/tvr-arg-1-1-e1710306632307.png\",\"width\":186,\"height\":50,\"caption\":\"Tango Vacation Rentals\"},\"image\":{\"@id\":\"https:\/\/tangovacationrentals.com\/#\/schema\/logo\/image\/\"}}]}<\/script>\n<!-- \/ Yoast SEO plugin. -->","yoast_head_json":{"title":"T\u00e9rminos y Condiciones de Tango Vacation Rentals","description":"Estos T\u00e9rminos y Condiciones establecen los t\u00e9rminos y condiciones para el uso del sitio web www.tangovacationrentals.com y los servicios de alquileres temporarios por d\u00eda proporcionados por Tango Vacation Rentals en Buenos Aires, Argentina.","robots":{"index":"index","follow":"follow","max-snippet":"max-snippet:-1","max-image-preview":"max-image-preview:large","max-video-preview":"max-video-preview:-1"},"canonical":"https:\/\/tangovacationrentals.com\/es\/terminos-y-condiciones\/","og_locale":"es_ES","og_type":"article","og_title":"T\u00e9rminos y Condiciones de Tango Vacation Rentals","og_description":"Estos T\u00e9rminos y Condiciones establecen los t\u00e9rminos y condiciones para el uso del sitio web www.tangovacationrentals.com y los servicios de alquileres temporarios por d\u00eda proporcionados por Tango Vacation Rentals en Buenos Aires, Argentina.","og_url":"https:\/\/tangovacationrentals.com\/es\/terminos-y-condiciones\/","og_site_name":"Tango Vacation Rentals","article_modified_time":"2024-03-08T20:43:37+00:00","twitter_card":"summary_large_image","twitter_misc":{"Tiempo de lectura":"6 minutos"},"schema":{"@context":"https:\/\/schema.org","@graph":[{"@type":"WebPage","@id":"https:\/\/tangovacationrentals.com\/es\/terminos-y-condiciones\/","url":"https:\/\/tangovacationrentals.com\/es\/terminos-y-condiciones\/","name":"T\u00e9rminos y Condiciones de Tango Vacation Rentals","isPartOf":{"@id":"https:\/\/tangovacationrentals.com\/#website"},"datePublished":"2018-06-12T14:47:52+00:00","dateModified":"2024-03-08T20:43:37+00:00","description":"Estos T\u00e9rminos y Condiciones establecen los t\u00e9rminos y condiciones para el uso del sitio web www.tangovacationrentals.com y los servicios de alquileres temporarios por d\u00eda proporcionados por Tango Vacation Rentals en Buenos Aires, Argentina.","breadcrumb":{"@id":"https:\/\/tangovacationrentals.com\/es\/terminos-y-condiciones\/#breadcrumb"},"inLanguage":"es","potentialAction":[{"@type":"ReadAction","target":["https:\/\/tangovacationrentals.com\/es\/terminos-y-condiciones\/"]}]},{"@type":"BreadcrumbList","@id":"https:\/\/tangovacationrentals.com\/es\/terminos-y-condiciones\/#breadcrumb","itemListElement":[{"@type":"ListItem","position":1,"name":"Home","item":"https:\/\/tangovacationrentals.com\/es\/"},{"@type":"ListItem","position":2,"name":"T\u00e9rminos y Condiciones"}]},{"@type":"WebSite","@id":"https:\/\/tangovacationrentals.com\/#website","url":"https:\/\/tangovacationrentals.com\/","name":"Tango Vacation Rentals","description":"Buenos Aires Vacations Rentals","publisher":{"@id":"https:\/\/tangovacationrentals.com\/#organization"},"potentialAction":[{"@type":"SearchAction","target":{"@type":"EntryPoint","urlTemplate":"https:\/\/tangovacationrentals.com\/?s={search_term_string}"},"query-input":{"@type":"PropertyValueSpecification","valueRequired":true,"valueName":"search_term_string"}}],"inLanguage":"es"},{"@type":"Organization","@id":"https:\/\/tangovacationrentals.com\/#organization","name":"Tango Vacation Rentals","url":"https:\/\/tangovacationrentals.com\/","logo":{"@type":"ImageObject","inLanguage":"es","@id":"https:\/\/tangovacationrentals.com\/#\/schema\/logo\/image\/","url":"https:\/\/tangovacationrentals.com\/wp-content\/uploads\/2024\/03\/tvr-arg-1-1-e1710306632307.png","contentUrl":"https:\/\/tangovacationrentals.com\/wp-content\/uploads\/2024\/03\/tvr-arg-1-1-e1710306632307.png","width":186,"height":50,"caption":"Tango Vacation Rentals"},"image":{"@id":"https:\/\/tangovacationrentals.com\/#\/schema\/logo\/image\/"}}]}},"_links":{"self":[{"href":"https:\/\/tangovacationrentals.com\/es\/wp-json\/wp\/v2\/pages\/1203","targetHints":{"allow":["GET"]}}],"collection":[{"href":"https:\/\/tangovacationrentals.com\/es\/wp-json\/wp\/v2\/pages"}],"about":[{"href":"https:\/\/tangovacationrentals.com\/es\/wp-json\/wp\/v2\/types\/page"}],"author":[{"embeddable":true,"href":"https:\/\/tangovacationrentals.com\/es\/wp-json\/wp\/v2\/users\/1"}],"replies":[{"embeddable":true,"href":"https:\/\/tangovacationrentals.com\/es\/wp-json\/wp\/v2\/comments?post=1203"}],"version-history":[{"count":14,"href":"https:\/\/tangovacationrentals.com\/es\/wp-json\/wp\/v2\/pages\/1203\/revisions"}],"predecessor-version":[{"id":1579,"href":"https:\/\/tangovacationrentals.com\/es\/wp-json\/wp\/v2\/pages\/1203\/revisions\/1579"}],"wp:attachment":[{"href":"https:\/\/tangovacationrentals.com\/es\/wp-json\/wp\/v2\/media?parent=1203"}],"curies":[{"name":"wp","href":"https:\/\/api.w.org\/{rel}","templated":true}]}}